{"id":35,"date":"2026-02-13T13:41:12","date_gmt":"2026-02-13T13:41:12","guid":{"rendered":"https:\/\/iglesiareformadauy.net\/ebiiruy\/?page_id=35"},"modified":"2026-03-19T04:36:17","modified_gmt":"2026-03-19T04:36:17","slug":"bienvenidos-a-ebiiruy","status":"publish","type":"page","link":"https:\/\/iglesiareformadauy.net\/ebiiruy\/","title":{"rendered":"Bienvenidos a EBIIRUy"},"content":{"rendered":"\t\t<div data-elementor-type=\"wp-page\" data-elementor-id=\"35\" class=\"elementor elementor-35\">\n\t\t\t\t<div class=\"elementor-element elementor-element-9b38189 e-con-full e-flex e-con e-parent\" data-id=\"9b38189\" data-element_type=\"container\" data-e-type=\"container\">\n\t\t\t\t<div class=\"elementor-element elementor-element-a1f0108 elementor-widget elementor-widget-heading\" data-id=\"a1f0108\" data-element_type=\"widget\" data-e-type=\"widget\" data-widget_type=\"heading.default\">\n\t\t\t\t\t<h1 class=\"elementor-heading-title elementor-size-default\">\u00bfDonde te llamo Dios?<\/h1>\t\t\t\t<\/div>\n\t\t\t\t<\/div>\n\t\t<div class=\"elementor-element elementor-element-5fca6ef e-con-full e-flex e-con e-parent\" data-id=\"5fca6ef\" data-element_type=\"container\" data-e-type=\"container\">\n\t\t\t\t<div class=\"elementor-element elementor-element-1f38367 elementor-widget elementor-widget-text-editor\" data-id=\"1f38367\" data-element_type=\"widget\" data-e-type=\"widget\" data-widget_type=\"text-editor.default\">\n\t\t\t\t\t\t\t\t\t<h6 style=\"text-align: center;\"><span style=\"color: #000000;\">. \u00bfTienes alguna duda referente al llamado?<\/span><br \/><span style=\"color: #000000;\">. \u00bfNecesitas respuestas, pues cont\u00e1ctanos por whatsapp y te guiaremos al estudio que pretendes hacer?<\/span><\/h6>\t\t\t\t\t\t\t\t<\/div>\n\t\t\t\t<\/div>\n\t\t<div class=\"elementor-element elementor-element-ddcc302 e-con-full e-flex e-con e-parent\" data-id=\"ddcc302\" data-element_type=\"container\" data-e-type=\"container\">\n\t\t\t\t<div class=\"elementor-element elementor-element-9dd7928 elementor-widget elementor-widget-heading\" data-id=\"9dd7928\" data-element_type=\"widget\" data-e-type=\"widget\" data-widget_type=\"heading.default\">\n\t\t\t\t\t<h1 class=\"elementor-heading-title elementor-size-default\">EBIIRUy - Les Ofrece<\/h1>\t\t\t\t<\/div>\n\t\t\t\t<\/div>\n\t\t<div class=\"elementor-element elementor-element-9125ebe e-con-full e-flex e-con e-parent\" data-id=\"9125ebe\" data-element_type=\"container\" data-e-type=\"container\">\n\t\t\t\t<div class=\"elementor-element elementor-element-813c08b elementor-widget elementor-widget-text-editor\" data-id=\"813c08b\" data-element_type=\"widget\" data-e-type=\"widget\" data-widget_type=\"text-editor.default\">\n\t\t\t\t\t\t\t\t\t<p style=\"text-align: center;\"><span style=\"color: #000000;\">Ponemos a disposici\u00f3n diferentes <strong>Cursos Cortos y Ministeriales<\/strong>, para la preparaci\u00f3n de nuestros hermanos\/as interesados en ser parte de trabajar con y desde los fundamentos de la Biblia, dando el honor y la gloria solo a Cristo.<\/span><\/p>\t\t\t\t\t\t\t\t<\/div>\n\t\t\t\t<div class=\"elementor-element elementor-element-9b1d123 elementor-widget elementor-widget-text-editor\" data-id=\"9b1d123\" data-element_type=\"widget\" data-e-type=\"widget\" data-widget_type=\"text-editor.default\">\n\t\t\t\t\t\t\t\t\t<p style=\"text-align: center;\"><span style=\"color: #000000;\"><strong>. Educaci\u00f3n Online:<\/strong> El estudio va al ritmo y tiempo del alumno y no de la institucion o profesorado de turno.<\/span><br \/><span style=\"color: #000000;\"><strong>. Educaci\u00f3n pr\u00e1ctica:<\/strong> Te permite estudiar desde la comodidad de tu hogas en tu tiempo libre, combinando tu trabajo y tu ministerio en la congregaci\u00f3n.<\/span><br \/><span style=\"color: #000000;\"><strong>. Capacitaci\u00f3n ministerial:<\/strong> Con un grupo de profesores que te presentan materias actualizadas, digital, con apoyos al estudio.<\/span><br \/><span style=\"color: #000000;\"><strong>. Estudios escalonados:<\/strong> Dichas materias lo puedes hacer de una e individuales a tu tiempo para llegar a la meta del llamado que Dios te encomendo.<\/span><br \/><span style=\"color: #000000;\"><strong>. Credeniales:<\/strong> Dipolados a las Carreras Ministeriales y Cursos Cortos.<\/span><\/p>\t\t\t\t\t\t\t\t<\/div>\n\t\t\t\t<\/div>\n\t\t<div class=\"elementor-element elementor-element-1e9c5a0 e-con-full e-flex e-con e-parent\" data-id=\"1e9c5a0\" data-element_type=\"container\" data-e-type=\"container\">\n\t\t\t\t<div class=\"elementor-element elementor-element-e4930f6 elementor-widget elementor-widget-heading\" data-id=\"e4930f6\" data-element_type=\"widget\" data-e-type=\"widget\" data-widget_type=\"heading.default\">\n\t\t\t\t\t<h1 class=\"elementor-heading-title elementor-size-default\">Ofertas Acad\u00e9micas<\/h1>\t\t\t\t<\/div>\n\t\t\t\t<\/div>\n\t\t<div class=\"elementor-element elementor-element-a798e5d e-con-full e-flex e-con e-parent\" data-id=\"a798e5d\" data-element_type=\"container\" data-e-type=\"container\">\n\t\t<div class=\"elementor-element elementor-element-e8e7925 e-con-full e-flex e-con e-child\" data-id=\"e8e7925\" data-element_type=\"container\" data-e-type=\"container\">\n\t\t\t\t<div class=\"elementor-element elementor-element-d63623b elementor-widget elementor-widget-heading\" data-id=\"d63623b\" data-element_type=\"widget\" data-e-type=\"widget\" data-widget_type=\"heading.default\">\n\t\t\t\t\t<h5 class=\"elementor-heading-title elementor-size-default\">Consejer\u00eda B\u00edblica<\/h5>\t\t\t\t<\/div>\n\t\t\t\t<div class=\"elementor-element elementor-element-05f01dd elementor-widget elementor-widget-text-editor\" data-id=\"05f01dd\" data-element_type=\"widget\" data-e-type=\"widget\" data-widget_type=\"text-editor.default\">\n\t\t\t\t\t\t\t\t\t<h6 data-path-to-node=\"0\"><span style=\"color: #000000;\">Es el proceso de aplicar las verdades de las Escrituras a los problemas y sufrimientos de la vida cotidiana. A diferencia de la psicolog\u00eda secular, que suele buscar las respuestas en el interior del individuo o en su entorno, la consejer\u00eda b\u00edblica parte de la premisa de que la Biblia contiene los principios necesarios para transformar el coraz\u00f3n y la conducta.<\/span><br \/><span style=\"color: #000000;\">En t\u00e9rminos sencillos: es <b data-path-to-node=\"1\" data-index-in-node=\"26\">curar el alma a trav\u00e9s de la Palabra de Dios.<\/b><\/span><br \/><a href=\"https:\/\/iglesiareformadauy.net\/ebiiruy\/inscribase\/\" target=\"_blank\" rel=\"noopener\"><span style=\"color: #000000;\"><strong><span style=\"color: #0000ff;\">Inscribase.<\/span><\/strong><\/span><\/a><\/h6>\t\t\t\t\t\t\t\t<\/div>\n\t\t\t\t<\/div>\n\t\t<div class=\"elementor-element elementor-element-9580633 e-con-full e-flex e-con e-child\" data-id=\"9580633\" data-element_type=\"container\" data-e-type=\"container\">\n\t\t\t\t<div class=\"elementor-element elementor-element-910007d elementor-widget elementor-widget-heading\" data-id=\"910007d\" data-element_type=\"widget\" data-e-type=\"widget\" data-widget_type=\"heading.default\">\n\t\t\t\t\t<h5 class=\"elementor-heading-title elementor-size-default\">Teolog\u00eda B\u00edblica<\/h5>\t\t\t\t<\/div>\n\t\t\t\t<div class=\"elementor-element elementor-element-200e519 elementor-widget elementor-widget-text-editor\" data-id=\"200e519\" data-element_type=\"widget\" data-e-type=\"widget\" data-widget_type=\"text-editor.default\">\n\t\t\t\t\t\t\t\t\t<h6><span style=\"color: #000000;\"><strong>Es el estudio de c\u00f3mo Dios se fue dando a conocer gradualmente, desde el G\u00e9nesis hasta el Apocalipsis.<\/strong><\/span><br \/><span style=\"color: #000000;\"><strong>Para realizar un an\u00e1lisis s\u00f3lido. <\/strong><\/span><span style=\"color: #0000ff;\"><strong><a style=\"color: #0000ff;\" href=\"https:\/\/iglesiareformadauy.net\/ebiiruy\/inscribase\/\" target=\"_blank\" rel=\"noopener\">Inscribase<\/a>.<\/strong><\/span><\/h6>\t\t\t\t\t\t\t\t<\/div>\n\t\t\t\t<\/div>\n\t\t<div class=\"elementor-element elementor-element-fd9862e e-con-full e-flex e-con e-child\" data-id=\"fd9862e\" data-element_type=\"container\" data-e-type=\"container\">\n\t\t\t\t<div class=\"elementor-element elementor-element-3c0ec74 elementor-widget elementor-widget-heading\" data-id=\"3c0ec74\" data-element_type=\"widget\" data-e-type=\"widget\" data-widget_type=\"heading.default\">\n\t\t\t\t\t<h5 class=\"elementor-heading-title elementor-size-default\">Estudios Teolog\u00edcos y Ministeriales<\/h5>\t\t\t\t<\/div>\n\t\t\t\t<div class=\"elementor-element elementor-element-b5cd2f2 elementor-widget elementor-widget-text-editor\" data-id=\"b5cd2f2\" data-element_type=\"widget\" data-e-type=\"widget\" data-widget_type=\"text-editor.default\">\n\t\t\t\t\t\t\t\t\t<h6><span style=\"color: #000000;\"><span class=\"citation-12 citation-end-12\">Mientras que la teolog\u00eda se enfoca en entender qui\u00e9n es Dios, los estudios ministeriales se enfocan en c\u00f3mo ese conocimiento se traduce en liderazgo, cuidado pastoral y misiones.<\/span><\/span><br \/><span style=\"color: #0000ff;\"><a style=\"color: #0000ff;\" href=\"https:\/\/iglesiareformadauy.net\/ebiiruy\/inscribase\/\" target=\"_blank\" rel=\"noopener\"><strong>Inscribase.<\/strong><\/a><\/span><\/h6>\t\t\t\t\t\t\t\t<\/div>\n\t\t\t\t<\/div>\n\t\t<div class=\"elementor-element elementor-element-ceb2a52 e-con-full e-flex e-con e-child\" data-id=\"ceb2a52\" data-element_type=\"container\" data-e-type=\"container\">\n\t\t\t\t<div class=\"elementor-element elementor-element-c5d4dfc elementor-widget elementor-widget-heading\" data-id=\"c5d4dfc\" data-element_type=\"widget\" data-e-type=\"widget\" data-widget_type=\"heading.default\">\n\t\t\t\t\t<h5 class=\"elementor-heading-title elementor-size-default\">Educaci\u00f3n B\u00edblica Pedagog\u00edca<\/h5>\t\t\t\t<\/div>\n\t\t\t\t<div class=\"elementor-element elementor-element-4ab9f36 elementor-widget elementor-widget-text-editor\" data-id=\"4ab9f36\" data-element_type=\"widget\" data-e-type=\"widget\" data-widget_type=\"text-editor.default\">\n\t\t\t\t\t\t\t\t\t<h6 data-path-to-node=\"0\"><span style=\"color: #000000;\">Esta dise\u00f1ada para quienes desean ense\u00f1ar dentro del contexto B\u00edblico en la iglesia. A diferencia de una licenciatura en Teolog\u00eda pura, esta se enfoca en la <b data-path-to-node=\"0\" data-index-in-node=\"278\">pedagog\u00eda<\/b>: el <i data-path-to-node=\"0\" data-index-in-node=\"292\">c\u00f3mo<\/i> ense\u00f1amos la verdad b\u00edblica a diferentes edades y contextos.<\/span><br \/><span style=\"color: #000000;\">Es la intersecci\u00f3n perfecta entre la <b data-path-to-node=\"1\" data-index-in-node=\"37\">Teolog\u00eda<\/b> y las <b data-path-to-node=\"1\" data-index-in-node=\"52\">Ciencias de la Educaci\u00f3n<\/b>.<\/span><br \/><a href=\"https:\/\/iglesiareformadauy.net\/ebiiruy\/inscribase\/\" target=\"_blank\" rel=\"noopener\"><span style=\"color: #000000;\"><strong><span style=\"color: #0000ff;\">Inscribase.<\/span><\/strong><\/span><\/a><\/h6>\t\t\t\t\t\t\t\t<\/div>\n\t\t\t\t<\/div>\n\t\t<div class=\"elementor-element elementor-element-63ae424 e-con-full e-flex e-con e-child\" data-id=\"63ae424\" data-element_type=\"container\" data-e-type=\"container\">\n\t\t\t\t<div class=\"elementor-element elementor-element-514e5da elementor-widget elementor-widget-heading\" data-id=\"514e5da\" data-element_type=\"widget\" data-e-type=\"widget\" data-widget_type=\"heading.default\">\n\t\t\t\t\t<h5 class=\"elementor-heading-title elementor-size-default\">Estudios Hist\u00f3rico B\u00edblico<\/h5>\t\t\t\t<\/div>\n\t\t\t\t<div class=\"elementor-element elementor-element-4a0bd80 elementor-widget elementor-widget-text-editor\" data-id=\"4a0bd80\" data-element_type=\"widget\" data-e-type=\"widget\" data-widget_type=\"text-editor.default\">\n\t\t\t\t\t\t\t\t\t<h6 data-path-to-node=\"0\"><span style=\"color: #000000;\">Es la columna vertebral de una interpretaci\u00f3n responsable. Su objetivo es \u00abviajar en el tiempo\u00bb para entender qu\u00e9 signific\u00f3 el texto para sus receptores originales antes de intentar aplicarlo al siglo XXI.<\/span><br \/><span style=\"color: #000000;\">Sin este an\u00e1lisis, corremos el riesgo de cometer <b data-path-to-node=\"1\" data-index-in-node=\"49\">anacronismos<\/b> (leer la Biblia con ojos modernos) o interpretar figuras literarias de forma err\u00f3nea.<\/span><br \/><a href=\"https:\/\/iglesiareformadauy.net\/ebiiruy\/inscribase\/\" target=\"_blank\" rel=\"noopener\"><span style=\"color: #000000;\"><strong><span style=\"color: #0000ff;\">Inscribase.<\/span><\/strong><\/span><\/a><\/h6>\t\t\t\t\t\t\t\t<\/div>\n\t\t\t\t<\/div>\n\t\t\t\t<\/div>\n\t\t<div class=\"elementor-element elementor-element-42b0939 e-con-full e-flex e-con e-parent\" data-id=\"42b0939\" data-element_type=\"container\" data-e-type=\"container\">\n\t\t\t\t<div class=\"elementor-element elementor-element-c37af1f elementor-pagination-position-outside elementor-widget elementor-widget-image-carousel\" data-id=\"c37af1f\" data-element_type=\"widget\" data-e-type=\"widget\" data-settings=\"{&quot;slides_to_show&quot;:&quot;2&quot;,&quot;slides_to_scroll&quot;:&quot;2&quot;,&quot;navigation&quot;:&quot;dots&quot;,&quot;lazyload&quot;:&quot;yes&quot;,&quot;autoplay&quot;:&quot;yes&quot;,&quot;autoplay_speed&quot;:5000,&quot;infinite&quot;:&quot;yes&quot;,&quot;speed&quot;:500}\" data-widget_type=\"image-carousel.default\">\n\t\t\t\t\t\t\t<div class=\"elementor-image-carousel-wrapper swiper\" role=\"region\" aria-roledescription=\"carousel\" aria-label=\"Carrusel de im\u00e1genes\" dir=\"ltr\">\n\t\t\t<div class=\"elementor-image-carousel swiper-wrapper swiper-image-stretch\" aria-live=\"off\">\n\t\t\t\t\t\t\t\t<div class=\"swiper-slide\" role=\"group\" aria-roledescription=\"slide\" aria-label=\"1 de 6\"><figure class=\"swiper-slide-inner\"><img class=\"swiper-slide-image swiper-lazy\" data-src=\"https:\/\/iglesiareformadauy.net\/ebiiruy\/wp-content\/uploads\/2026\/02\/EstudiosBiblicosLiboxlibro.jpg\" alt=\"EstudiosB\u00edblicosLiboxlibro\" \/><div class=\"swiper-lazy-preloader\"><\/div><\/figure><\/div><div class=\"swiper-slide\" role=\"group\" aria-roledescription=\"slide\" aria-label=\"2 de 6\"><figure class=\"swiper-slide-inner\"><img class=\"swiper-slide-image swiper-lazy\" data-src=\"https:\/\/iglesiareformadauy.net\/ebiiruy\/wp-content\/uploads\/2026\/02\/ETM.jpg\" alt=\"ETM\" \/><div class=\"swiper-lazy-preloader\"><\/div><\/figure><\/div><div class=\"swiper-slide\" role=\"group\" aria-roledescription=\"slide\" aria-label=\"3 de 6\"><figure class=\"swiper-slide-inner\"><img class=\"swiper-slide-image swiper-lazy\" data-src=\"https:\/\/iglesiareformadauy.net\/ebiiruy\/wp-content\/uploads\/2026\/02\/Estudios-Historicos-Biblico.jpg\" alt=\"Estudios Hist\u00f3ricos B\u00edblico\" \/><div class=\"swiper-lazy-preloader\"><\/div><\/figure><\/div><div class=\"swiper-slide\" role=\"group\" aria-roledescription=\"slide\" aria-label=\"4 de 6\"><figure class=\"swiper-slide-inner\"><img class=\"swiper-slide-image swiper-lazy\" data-src=\"https:\/\/iglesiareformadauy.net\/ebiiruy\/wp-content\/uploads\/2026\/02\/TB.jpg\" alt=\"TB\" \/><div class=\"swiper-lazy-preloader\"><\/div><\/figure><\/div><div class=\"swiper-slide\" role=\"group\" aria-roledescription=\"slide\" aria-label=\"5 de 6\"><figure class=\"swiper-slide-inner\"><img class=\"swiper-slide-image swiper-lazy\" data-src=\"https:\/\/iglesiareformadauy.net\/ebiiruy\/wp-content\/uploads\/2026\/02\/EBP.jpg\" alt=\"EBP\" \/><div class=\"swiper-lazy-preloader\"><\/div><\/figure><\/div><div class=\"swiper-slide\" role=\"group\" aria-roledescription=\"slide\" aria-label=\"6 de 6\"><figure class=\"swiper-slide-inner\"><img class=\"swiper-slide-image swiper-lazy\" data-src=\"https:\/\/iglesiareformadauy.net\/ebiiruy\/wp-content\/uploads\/2026\/02\/Consejeria-Biblica.jpg\" alt=\"Consejer\u00eda B\u00edblica\" \/><div class=\"swiper-lazy-preloader\"><\/div><\/figure><\/div>\t\t\t<\/div>\n\t\t\t\t\t\t\t\n\t\t\t\t\t\t\t\t\t<div class=\"swiper-pagination\"><\/div>\n\t\t\t\t\t\t\t\t\t<\/div>\n\t\t\t\t\t\t<\/div>\n\t\t\t\t<\/div>\n\t\t<div class=\"elementor-element elementor-element-eb98410 e-con-full e-flex e-con e-parent\" data-id=\"eb98410\" data-element_type=\"container\" data-e-type=\"container\">\n\t\t\t\t<div class=\"elementor-element elementor-element-07101c7 elementor-widget elementor-widget-heading\" data-id=\"07101c7\" data-element_type=\"widget\" data-e-type=\"widget\" data-widget_type=\"heading.default\">\n\t\t\t\t\t<h3 class=\"elementor-heading-title elementor-size-default\">Cursos Cortos<\/h3>\t\t\t\t<\/div>\n\t\t\t\t<\/div>\n\t\t<div class=\"elementor-element elementor-element-ec91e2a e-con-full e-flex e-con e-parent\" data-id=\"ec91e2a\" data-element_type=\"container\" data-e-type=\"container\">\n\t\t<div class=\"elementor-element elementor-element-0154a88 e-con-full e-flex e-con e-child\" data-id=\"0154a88\" data-element_type=\"container\" data-e-type=\"container\">\n\t\t\t\t<div class=\"elementor-element elementor-element-9a5864e elementor-widget elementor-widget-heading\" data-id=\"9a5864e\" data-element_type=\"widget\" data-e-type=\"widget\" data-widget_type=\"heading.default\">\n\t\t\t\t\t<h5 class=\"elementor-heading-title elementor-size-default\">Mayordom\u00eda<\/h5>\t\t\t\t<\/div>\n\t\t\t\t<div class=\"elementor-element elementor-element-eee3cd6 elementor-widget elementor-widget-text-editor\" data-id=\"eee3cd6\" data-element_type=\"widget\" data-e-type=\"widget\" data-widget_type=\"text-editor.default\">\n\t\t\t\t\t\t\t\t\t<h6><span style=\"color: #000000;\">No se trata simplemente de c\u00f3mo manejamos nuestro e..dinero; es un concepto mucho m\u00e1s profundo que redefine nuestra relaci\u00f3n con todo lo que existe. En t\u00e9rminos sencillos, es el reconocimiento de que <b data-path-to-node=\"0\" data-index-in-node=\"219\">nosotros no somos due\u00f1os de nada, sino administradores de lo que le pertenece a Dios. <a href=\"https:\/\/iglesiareformadauy.net\/ebiiruy\/inscribase\/\" target=\"_blank\" rel=\"noopener\"><span style=\"color: #0000ff;\">Inscribase<\/span><\/a><\/b><\/span><\/h6>\t\t\t\t\t\t\t\t<\/div>\n\t\t\t\t<\/div>\n\t\t<div class=\"elementor-element elementor-element-4d20379 e-con-full e-flex e-con e-child\" data-id=\"4d20379\" data-element_type=\"container\" data-e-type=\"container\">\n\t\t\t\t<div class=\"elementor-element elementor-element-b849a63 elementor-widget elementor-widget-heading\" data-id=\"b849a63\" data-element_type=\"widget\" data-e-type=\"widget\" data-widget_type=\"heading.default\">\n\t\t\t\t\t<h5 class=\"elementor-heading-title elementor-size-default\">Evangelismo<\/h5>\t\t\t\t<\/div>\n\t\t\t\t<div class=\"elementor-element elementor-element-9f45f28 elementor-widget elementor-widget-text-editor\" data-id=\"9f45f28\" data-element_type=\"widget\" data-e-type=\"widget\" data-widget_type=\"text-editor.default\">\n\t\t\t\t\t\t\t\t\t<h6 data-path-to-node=\"0\"><span style=\"color: #000000;\">Es mucho m\u00e1s que \u00abhablar de religi\u00f3n\u00bb. Su nombre proviene del griego <i data-path-to-node=\"0\" data-index-in-node=\"92\">euangelion<\/i>, que significa literalmente <b data-path-to-node=\"0\" data-index-in-node=\"131\">\u00abanunciar buenas noticias\u00bb<\/b>.<\/span><br \/><span style=\"color: #000000;\">En esencia, es el proceso mediante de Jes\u00fas comparten el mensaje de la reconciliaci\u00f3n entre Dios y la humanidad a trav\u00e9s de la obra de Cristo. <strong><a href=\"https:\/\/iglesiareformadauy.net\/ebiiruy\/inscribase\/\" target=\"_blank\" rel=\"noopener\"><span style=\"color: #0000ff;\">Inscibase<\/span><\/a><\/strong><\/span><\/h6>\t\t\t\t\t\t\t\t<\/div>\n\t\t\t\t<\/div>\n\t\t\t\t<\/div>\n\t\t<div class=\"elementor-element elementor-element-10afe22 e-con-full e-flex e-con e-parent\" data-id=\"10afe22\" data-element_type=\"container\" data-e-type=\"container\">\n\t\t<div class=\"elementor-element elementor-element-3e8dab5 e-con-full e-flex e-con e-child\" data-id=\"3e8dab5\" data-element_type=\"container\" data-e-type=\"container\">\n\t\t\t\t<div class=\"elementor-element elementor-element-1d7941d elementor-widget elementor-widget-image\" data-id=\"1d7941d\" data-element_type=\"widget\" data-e-type=\"widget\" data-widget_type=\"image.default\">\n\t\t\t\t\t\t\t\t\t\t\t\t\t\t\t<img fetchpriority=\"high\" decoding=\"async\" width=\"1000\" height=\"514\" src=\"https:\/\/iglesiareformadauy.net\/ebiiruy\/wp-content\/uploads\/2026\/02\/Mayordomia-01-02.jpg\" class=\"attachment-large size-large wp-image-152\" alt=\"\" srcset=\"https:\/\/iglesiareformadauy.net\/ebiiruy\/wp-content\/uploads\/2026\/02\/Mayordomia-01-02.jpg 1000w, https:\/\/iglesiareformadauy.net\/ebiiruy\/wp-content\/uploads\/2026\/02\/Mayordomia-01-02-300x154.jpg 300w, https:\/\/iglesiareformadauy.net\/ebiiruy\/wp-content\/uploads\/2026\/02\/Mayordomia-01-02-768x395.jpg 768w\" sizes=\"(max-width: 1000px) 100vw, 1000px\" \/>\t\t\t\t\t\t\t\t\t\t\t\t\t\t\t<\/div>\n\t\t\t\t<\/div>\n\t\t<div class=\"elementor-element elementor-element-9a2160d e-con-full e-flex e-con e-child\" data-id=\"9a2160d\" data-element_type=\"container\" data-e-type=\"container\">\n\t\t\t\t<div class=\"elementor-element elementor-element-e33b090 elementor-widget elementor-widget-image\" data-id=\"e33b090\" data-element_type=\"widget\" data-e-type=\"widget\" data-widget_type=\"image.default\">\n\t\t\t\t\t\t\t\t\t\t\t\t\t\t\t<img decoding=\"async\" width=\"1000\" height=\"514\" src=\"https:\/\/iglesiareformadauy.net\/ebiiruy\/wp-content\/uploads\/2026\/02\/Evangelismo-01-05.jpg\" class=\"attachment-large size-large wp-image-151\" alt=\"\" srcset=\"https:\/\/iglesiareformadauy.net\/ebiiruy\/wp-content\/uploads\/2026\/02\/Evangelismo-01-05.jpg 1000w, https:\/\/iglesiareformadauy.net\/ebiiruy\/wp-content\/uploads\/2026\/02\/Evangelismo-01-05-300x154.jpg 300w, https:\/\/iglesiareformadauy.net\/ebiiruy\/wp-content\/uploads\/2026\/02\/Evangelismo-01-05-768x395.jpg 768w\" sizes=\"(max-width: 1000px) 100vw, 1000px\" \/>\t\t\t\t\t\t\t\t\t\t\t\t\t\t\t<\/div>\n\t\t\t\t<\/div>\n\t\t\t\t<\/div>\n\t\t<div class=\"elementor-element elementor-element-b09eb17 e-con-full e-flex e-con e-parent\" data-id=\"b09eb17\" data-element_type=\"container\" data-e-type=\"container\">\n\t\t<div class=\"elementor-element elementor-element-e1d1bcd e-con-full e-flex e-con e-child\" data-id=\"e1d1bcd\" data-element_type=\"container\" data-e-type=\"container\">\n\t\t\t\t<div class=\"elementor-element elementor-element-1fa6d01 elementor-widget elementor-widget-image\" data-id=\"1fa6d01\" data-element_type=\"widget\" data-e-type=\"widget\" data-widget_type=\"image.default\">\n\t\t\t\t\t\t\t\t\t\t\t\t\t\t\t<img decoding=\"async\" width=\"768\" height=\"576\" src=\"https:\/\/iglesiareformadauy.net\/ebiiruy\/wp-content\/uploads\/2026\/02\/Willdelbatro-05-768x576.jpg\" class=\"attachment-medium_large size-medium_large wp-image-109\" alt=\"\" srcset=\"https:\/\/iglesiareformadauy.net\/ebiiruy\/wp-content\/uploads\/2026\/02\/Willdelbatro-05-768x576.jpg 768w, https:\/\/iglesiareformadauy.net\/ebiiruy\/wp-content\/uploads\/2026\/02\/Willdelbatro-05-300x225.jpg 300w, https:\/\/iglesiareformadauy.net\/ebiiruy\/wp-content\/uploads\/2026\/02\/Willdelbatro-05-1024x768.jpg 1024w, https:\/\/iglesiareformadauy.net\/ebiiruy\/wp-content\/uploads\/2026\/02\/Willdelbatro-05-1536x1152.jpg 1536w, https:\/\/iglesiareformadauy.net\/ebiiruy\/wp-content\/uploads\/2026\/02\/Willdelbatro-05-2048x1536.jpg 2048w\" sizes=\"(max-width: 768px) 100vw, 768px\" \/>\t\t\t\t\t\t\t\t\t\t\t\t\t\t\t<\/div>\n\t\t\t\t<\/div>\n\t\t<div class=\"elementor-element elementor-element-1133cdc e-con-full e-flex e-con e-child\" data-id=\"1133cdc\" data-element_type=\"container\" data-e-type=\"container\">\n\t\t\t\t<div class=\"elementor-element elementor-element-0dd2aaf elementor-widget elementor-widget-heading\" data-id=\"0dd2aaf\" data-element_type=\"widget\" data-e-type=\"widget\" data-widget_type=\"heading.default\">\n\t\t\t\t\t<h5 class=\"elementor-heading-title elementor-size-default\">Algunas palabras del Director<\/h5>\t\t\t\t<\/div>\n\t\t\t\t<div class=\"elementor-element elementor-element-b840df0 elementor-widget elementor-widget-text-editor\" data-id=\"b840df0\" data-element_type=\"widget\" data-e-type=\"widget\" data-widget_type=\"text-editor.default\">\n\t\t\t\t\t\t\t\t\t<h6><span style=\"color: #000000;\"><strong>Es un placer que nos visite en esta plataforma y que te interese a estudiar algunos de los cursos que te presentamos, con el fin de que te prepares para la mies que es mucha, a la orden de nuestro Se\u00f1or Jesucristo.<\/strong><\/span><\/h6><p><span style=\"color: #000000;\"><strong>Atte. Lic. Wilson Batista<\/strong><\/span><\/p>\t\t\t\t\t\t\t\t<\/div>\n\t\t\t\t<\/div>\n\t\t\t\t<\/div>\n\t\t\t\t<\/div>\n\t\t","protected":false},"excerpt":{"rendered":"<p>\u00bfDonde te llamo Dios? . \u00bfTienes alguna duda referente al llamado?. \u00bfNecesitas respuestas, pues cont\u00e1ctanos por whatsapp y te guiaremos al estudio que pretendes hacer? EBIIRUy &#8211; Les Ofrece Ponemos a disposici\u00f3n diferentes Cursos Cortos y Ministeriales, para la preparaci\u00f3n de nuestros hermanos\/as interesados en ser parte de trabajar con y desde los fundamentos de [&hellip;]<\/p>\n","protected":false},"author":1,"featured_media":0,"parent":0,"menu_order":0,"comment_status":"closed","ping_status":"closed","template":"","meta":{"footnotes":""},"class_list":["post-35","page","type-page","status-publish","hentry"],"_links":{"self":[{"href":"https:\/\/iglesiareformadauy.net\/ebiiruy\/wp-json\/wp\/v2\/pages\/35","targetHints":{"allow":["GET"]}}],"collection":[{"href":"https:\/\/iglesiareformadauy.net\/ebiiruy\/wp-json\/wp\/v2\/pages"}],"about":[{"href":"https:\/\/iglesiareformadauy.net\/ebiiruy\/wp-json\/wp\/v2\/types\/page"}],"author":[{"embeddable":true,"href":"https:\/\/iglesiareformadauy.net\/ebiiruy\/wp-json\/wp\/v2\/users\/1"}],"replies":[{"embeddable":true,"href":"https:\/\/iglesiareformadauy.net\/ebiiruy\/wp-json\/wp\/v2\/comments?post=35"}],"version-history":[{"count":181,"href":"https:\/\/iglesiareformadauy.net\/ebiiruy\/wp-json\/wp\/v2\/pages\/35\/revisions"}],"predecessor-version":[{"id":401,"href":"https:\/\/iglesiareformadauy.net\/ebiiruy\/wp-json\/wp\/v2\/pages\/35\/revisions\/401"}],"wp:attachment":[{"href":"https:\/\/iglesiareformadauy.net\/ebiiruy\/wp-json\/wp\/v2\/media?parent=35"}],"curies":[{"name":"wp","href":"https:\/\/api.w.org\/{rel}","templated":true}]}}