{"id":200,"date":"2026-02-20T21:37:28","date_gmt":"2026-02-20T21:37:28","guid":{"rendered":"https:\/\/iglesiareformadauy.net\/ebiiruy\/?page_id=200"},"modified":"2026-02-25T22:35:54","modified_gmt":"2026-02-25T22:35:54","slug":"descripcion-de-las-materias","status":"publish","type":"page","link":"https:\/\/iglesiareformadauy.net\/ebiiruy\/descripcion-de-las-materias\/","title":{"rendered":"Descripci\u00f3n de las Materias"},"content":{"rendered":"\t\t<div data-elementor-type=\"wp-page\" data-elementor-id=\"200\" class=\"elementor elementor-200\">\n\t\t\t\t<div class=\"elementor-element elementor-element-c81c20c e-flex e-con-boxed e-con e-parent\" data-id=\"c81c20c\" data-element_type=\"container\" data-e-type=\"container\">\n\t\t\t\t\t<div class=\"e-con-inner\">\n\t\t\t\t<div class=\"elementor-element elementor-element-0ea12db elementor-widget elementor-widget-heading\" data-id=\"0ea12db\" data-element_type=\"widget\" data-e-type=\"widget\" data-widget_type=\"heading.default\">\n\t\t\t\t\t<h4 class=\"elementor-heading-title elementor-size-default\">CURSOS MINISTERIALES<\/h4>\t\t\t\t<\/div>\n\t\t\t\t\t<\/div>\n\t\t\t\t<\/div>\n\t\t<div class=\"elementor-element elementor-element-f88b20b e-flex e-con-boxed e-con e-parent\" data-id=\"f88b20b\" data-element_type=\"container\" data-e-type=\"container\">\n\t\t\t\t\t<div class=\"e-con-inner\">\n\t\t\t\t\t<\/div>\n\t\t\t\t<\/div>\n\t\t<div class=\"elementor-element elementor-element-71e67fc e-flex e-con-boxed e-con e-parent\" data-id=\"71e67fc\" data-element_type=\"container\" data-e-type=\"container\">\n\t\t\t\t\t<div class=\"e-con-inner\">\n\t\t<div class=\"elementor-element elementor-element-3d4f850 e-con-full e-flex e-con e-child\" data-id=\"3d4f850\" data-element_type=\"container\" data-e-type=\"container\">\n\t\t\t\t<div class=\"elementor-element elementor-element-a48770e elementor-widget elementor-widget-image\" data-id=\"a48770e\" data-element_type=\"widget\" data-e-type=\"widget\" data-widget_type=\"image.default\">\n\t\t\t\t\t\t\t\t\t\t\t\t\t\t\t<img fetchpriority=\"high\" decoding=\"async\" width=\"1000\" height=\"514\" src=\"https:\/\/iglesiareformadauy.net\/ebiiruy\/wp-content\/uploads\/2026\/02\/ETM.jpg\" class=\"attachment-large size-large wp-image-161\" alt=\"\" srcset=\"https:\/\/iglesiareformadauy.net\/ebiiruy\/wp-content\/uploads\/2026\/02\/ETM.jpg 1000w, https:\/\/iglesiareformadauy.net\/ebiiruy\/wp-content\/uploads\/2026\/02\/ETM-300x154.jpg 300w, https:\/\/iglesiareformadauy.net\/ebiiruy\/wp-content\/uploads\/2026\/02\/ETM-768x395.jpg 768w\" sizes=\"(max-width: 1000px) 100vw, 1000px\" \/>\t\t\t\t\t\t\t\t\t\t\t\t\t\t\t<\/div>\n\t\t\t\t<\/div>\n\t\t<div class=\"elementor-element elementor-element-3271922 e-con-full e-flex e-con e-child\" data-id=\"3271922\" data-element_type=\"container\" data-e-type=\"container\">\n\t\t\t\t<div class=\"elementor-element elementor-element-99e916c elementor-widget elementor-widget-text-editor\" data-id=\"99e916c\" data-element_type=\"widget\" data-e-type=\"widget\" data-widget_type=\"text-editor.default\">\n\t\t\t\t\t\t\t\t\t<h5 style=\"text-align: center;\"><span style=\"color: #000000;\"><strong>Bibliolog\u00eda<\/strong><\/span><br \/><span style=\"color: #000000;\"><strong>Doctrina<\/strong><\/span><br \/><span style=\"color: #000000;\"><strong>Hermeneutica<\/strong><\/span><br \/><span style=\"color: #000000;\"><strong>Homil\u00e9tica<\/strong><\/span><br \/><span style=\"color: #000000;\"><strong>Dones espirituales<\/strong><\/span><br \/><span style=\"color: #000000;\"><strong>Sectas y religiones<\/strong><\/span><br \/><span style=\"color: #000000;\"><strong>Historia de la Iglesia<\/strong><\/span><br \/><span style=\"color: #000000;\"><strong>Pedagog\u00eda<\/strong><\/span><br \/><span style=\"color: #000000;\"><strong>Sintesis B\u00edblica<\/strong><\/span><br \/><br \/><span style=\"color: #0000ff;\">Consulte por interno el precio.<\/span><br \/><br \/><\/h5>\t\t\t\t\t\t\t\t<\/div>\n\t\t\t\t<\/div>\n\t\t\t\t\t<\/div>\n\t\t\t\t<\/div>\n\t\t<div class=\"elementor-element elementor-element-bff244e e-flex e-con-boxed e-con e-parent\" data-id=\"bff244e\" data-element_type=\"container\" data-e-type=\"container\">\n\t\t\t\t\t<div class=\"e-con-inner\">\n\t\t<div class=\"elementor-element elementor-element-6273259 e-con-full e-flex e-con e-child\" data-id=\"6273259\" data-element_type=\"container\" data-e-type=\"container\">\n\t\t\t\t<div class=\"elementor-element elementor-element-17cbcf0 elementor-widget elementor-widget-image\" data-id=\"17cbcf0\" data-element_type=\"widget\" data-e-type=\"widget\" data-widget_type=\"image.default\">\n\t\t\t\t\t\t\t\t\t\t\t\t\t\t\t<img decoding=\"async\" width=\"1000\" height=\"514\" src=\"https:\/\/iglesiareformadauy.net\/ebiiruy\/wp-content\/uploads\/2026\/02\/Estudios-Historicos-Biblico.jpg\" class=\"attachment-large size-large wp-image-156\" alt=\"\" srcset=\"https:\/\/iglesiareformadauy.net\/ebiiruy\/wp-content\/uploads\/2026\/02\/Estudios-Historicos-Biblico.jpg 1000w, https:\/\/iglesiareformadauy.net\/ebiiruy\/wp-content\/uploads\/2026\/02\/Estudios-Historicos-Biblico-300x154.jpg 300w, https:\/\/iglesiareformadauy.net\/ebiiruy\/wp-content\/uploads\/2026\/02\/Estudios-Historicos-Biblico-768x395.jpg 768w\" sizes=\"(max-width: 1000px) 100vw, 1000px\" \/>\t\t\t\t\t\t\t\t\t\t\t\t\t\t\t<\/div>\n\t\t\t\t<\/div>\n\t\t<div class=\"elementor-element elementor-element-8d5d71b e-con-full e-flex e-con e-child\" data-id=\"8d5d71b\" data-element_type=\"container\" data-e-type=\"container\">\n\t\t\t\t<div class=\"elementor-element elementor-element-784e4e0 elementor-widget elementor-widget-text-editor\" data-id=\"784e4e0\" data-element_type=\"widget\" data-e-type=\"widget\" data-widget_type=\"text-editor.default\">\n\t\t\t\t\t\t\t\t\t<h5 style=\"text-align: center;\"><strong><span style=\"color: #000000;\"><span style=\"color: #000000;\"><span style=\"font-size: 13.28px;\">Historia del Cristianismo I<\/span><\/span><\/span><\/strong><br \/><strong><span style=\"color: #000000; font-size: 16px;\">Historia del Cristianismo II<\/span><\/strong><br \/><strong><span style=\"color: #000000; font-size: 16px;\">Historia de la Reforma<\/span><\/strong><br \/><strong><span style=\"color: #000000; font-size: 16px;\">Historia de los Fundamentos<\/span><\/strong><\/h5><h5 style=\"text-align: center;\"><strong><span style=\"color: #0000ff; font-size: 16px;\">Consulte por interno el precio.<\/span><\/strong><\/h5>\t\t\t\t\t\t\t\t<\/div>\n\t\t\t\t<\/div>\n\t\t\t\t\t<\/div>\n\t\t\t\t<\/div>\n\t\t<div class=\"elementor-element elementor-element-b4ac9f5 e-flex e-con-boxed e-con e-parent\" data-id=\"b4ac9f5\" data-element_type=\"container\" data-e-type=\"container\">\n\t\t\t\t\t<div class=\"e-con-inner\">\n\t\t<div class=\"elementor-element elementor-element-bb839ec e-con-full e-flex e-con e-child\" data-id=\"bb839ec\" data-element_type=\"container\" data-e-type=\"container\">\n\t\t\t\t<div class=\"elementor-element elementor-element-d2a2620 elementor-widget elementor-widget-image\" data-id=\"d2a2620\" data-element_type=\"widget\" data-e-type=\"widget\" data-widget_type=\"image.default\">\n\t\t\t\t\t\t\t\t\t\t\t\t\t\t\t<img decoding=\"async\" width=\"1000\" height=\"514\" src=\"https:\/\/iglesiareformadauy.net\/ebiiruy\/wp-content\/uploads\/2026\/02\/TB26.jpg\" class=\"attachment-large size-large wp-image-259\" alt=\"\" srcset=\"https:\/\/iglesiareformadauy.net\/ebiiruy\/wp-content\/uploads\/2026\/02\/TB26.jpg 1000w, https:\/\/iglesiareformadauy.net\/ebiiruy\/wp-content\/uploads\/2026\/02\/TB26-300x154.jpg 300w, https:\/\/iglesiareformadauy.net\/ebiiruy\/wp-content\/uploads\/2026\/02\/TB26-768x395.jpg 768w\" sizes=\"(max-width: 1000px) 100vw, 1000px\" \/>\t\t\t\t\t\t\t\t\t\t\t\t\t\t\t<\/div>\n\t\t\t\t<\/div>\n\t\t<div class=\"elementor-element elementor-element-075cf7e e-con-full e-flex e-con e-child\" data-id=\"075cf7e\" data-element_type=\"container\" data-e-type=\"container\">\n\t\t\t\t<div class=\"elementor-element elementor-element-54a03a4 elementor-widget elementor-widget-text-editor\" data-id=\"54a03a4\" data-element_type=\"widget\" data-e-type=\"widget\" data-widget_type=\"text-editor.default\">\n\t\t\t\t\t\t\t\t\t<h5 style=\"text-align: center;\"><strong><span style=\"color: #000000;\"><span style=\"color: #000000;\"><span style=\"font-size: 13.28px;\">Teolog\u00eda<\/span><\/span><\/span><\/strong><br \/><strong><span style=\"color: #000000; font-size: 16px;\">Bibliolog\u00eda<\/span><\/strong><br \/><strong><span style=\"color: #000000; font-size: 16px;\">Doctrinas<\/span><\/strong><br \/><strong><span style=\"color: #000000; font-size: 16px;\">Antiguo y Nuevo Testamento<\/span><\/strong><br \/><strong><span style=\"color: #000000; font-size: 16px;\">Hermen\u00e9utica<\/span><\/strong><br \/><strong><span style=\"color: #000000; font-size: 16px;\">Homil\u00e9tica<\/span><\/strong><br \/><strong><span style=\"color: #000000; font-size: 16px;\">Libros Prof\u00e9ticos<\/span><\/strong><br \/><strong><span style=\"color: #000000; font-size: 16px;\">Cartas Paulinas<\/span><\/strong><br \/><br \/><strong><span style=\"color: #0000ff; font-size: 16px;\">Consulte por interno el precio.<\/span><\/strong><\/h5>\t\t\t\t\t\t\t\t<\/div>\n\t\t\t\t<\/div>\n\t\t\t\t\t<\/div>\n\t\t\t\t<\/div>\n\t\t<div class=\"elementor-element elementor-element-404d4ba e-flex e-con-boxed e-con e-parent\" data-id=\"404d4ba\" data-element_type=\"container\" data-e-type=\"container\">\n\t\t\t\t\t<div class=\"e-con-inner\">\n\t\t<div class=\"elementor-element elementor-element-02d5a57 e-con-full e-flex e-con e-child\" data-id=\"02d5a57\" data-element_type=\"container\" data-e-type=\"container\">\n\t\t\t\t<div class=\"elementor-element elementor-element-1fb7574 elementor-widget elementor-widget-image\" data-id=\"1fb7574\" data-element_type=\"widget\" data-e-type=\"widget\" data-widget_type=\"image.default\">\n\t\t\t\t\t\t\t\t\t\t\t\t\t\t\t<img loading=\"lazy\" decoding=\"async\" width=\"1000\" height=\"514\" src=\"https:\/\/iglesiareformadauy.net\/ebiiruy\/wp-content\/uploads\/2026\/02\/Consejeria-Biblica.jpg\" class=\"attachment-large size-large wp-image-131\" alt=\"\" srcset=\"https:\/\/iglesiareformadauy.net\/ebiiruy\/wp-content\/uploads\/2026\/02\/Consejeria-Biblica.jpg 1000w, https:\/\/iglesiareformadauy.net\/ebiiruy\/wp-content\/uploads\/2026\/02\/Consejeria-Biblica-300x154.jpg 300w, https:\/\/iglesiareformadauy.net\/ebiiruy\/wp-content\/uploads\/2026\/02\/Consejeria-Biblica-768x395.jpg 768w\" sizes=\"(max-width: 1000px) 100vw, 1000px\" \/>\t\t\t\t\t\t\t\t\t\t\t\t\t\t\t<\/div>\n\t\t\t\t<\/div>\n\t\t<div class=\"elementor-element elementor-element-6a2f8b6 e-con-full e-flex e-con e-child\" data-id=\"6a2f8b6\" data-element_type=\"container\" data-e-type=\"container\">\n\t\t\t\t<div class=\"elementor-element elementor-element-f3d9bd5 elementor-widget elementor-widget-text-editor\" data-id=\"f3d9bd5\" data-element_type=\"widget\" data-e-type=\"widget\" data-widget_type=\"text-editor.default\">\n\t\t\t\t\t\t\t\t\t<h6 style=\"text-align: center;\"><strong><span style=\"color: #000000;\"><span style=\"color: #000000;\">Antropolog\u00eda B\u00edblica<\/span><\/span><\/strong><br \/><strong><span style=\"color: #000000;\">Teolog\u00eda Sistem\u00e1tica<\/span><\/strong><br \/><strong><span style=\"color: #000000;\">Hermen\u00e9utica<\/span><\/strong><br \/><strong><span style=\"color: #000000;\">Din\u00e1mica de cambios B\u00edblicos<\/span><\/strong><br \/><strong><span style=\"color: #000000;\">Consejer\u00eda Matrimonial<\/span><\/strong><br \/><strong><span style=\"color: #000000;\">Consejer\u00eda Familiar<\/span><\/strong><br \/><strong><span style=\"color: #000000;\">Consejer\u00eda al adolescente<\/span><\/strong><br \/><strong><span style=\"color: #000000;\">Reconciliaci\u00f3n<\/span><\/strong><\/h6><p style=\"text-align: center;\"><strong><span style=\"color: #0000ff; font-size: 16px;\">Consulte por interno el precio.<\/span><\/strong><\/p>\t\t\t\t\t\t\t\t<\/div>\n\t\t\t\t<\/div>\n\t\t\t\t\t<\/div>\n\t\t\t\t<\/div>\n\t\t<div class=\"elementor-element elementor-element-987355d e-flex e-con-boxed e-con e-parent\" data-id=\"987355d\" data-element_type=\"container\" data-e-type=\"container\">\n\t\t\t\t\t<div class=\"e-con-inner\">\n\t\t<div class=\"elementor-element elementor-element-23881ef e-con-full e-flex e-con e-child\" data-id=\"23881ef\" data-element_type=\"container\" data-e-type=\"container\">\n\t\t\t\t<div class=\"elementor-element elementor-element-bb6a476 elementor-widget elementor-widget-image\" data-id=\"bb6a476\" data-element_type=\"widget\" data-e-type=\"widget\" data-widget_type=\"image.default\">\n\t\t\t\t\t\t\t\t\t\t\t\t\t\t\t<img loading=\"lazy\" decoding=\"async\" width=\"1000\" height=\"514\" src=\"https:\/\/iglesiareformadauy.net\/ebiiruy\/wp-content\/uploads\/2026\/02\/EstudiosBiblicosLiboxlibro.jpg\" class=\"attachment-large size-large wp-image-218\" alt=\"\" srcset=\"https:\/\/iglesiareformadauy.net\/ebiiruy\/wp-content\/uploads\/2026\/02\/EstudiosBiblicosLiboxlibro.jpg 1000w, https:\/\/iglesiareformadauy.net\/ebiiruy\/wp-content\/uploads\/2026\/02\/EstudiosBiblicosLiboxlibro-300x154.jpg 300w, https:\/\/iglesiareformadauy.net\/ebiiruy\/wp-content\/uploads\/2026\/02\/EstudiosBiblicosLiboxlibro-768x395.jpg 768w\" sizes=\"(max-width: 1000px) 100vw, 1000px\" \/>\t\t\t\t\t\t\t\t\t\t\t\t\t\t\t<\/div>\n\t\t\t\t<\/div>\n\t\t<div class=\"elementor-element elementor-element-80304b3 e-con-full e-flex e-con e-child\" data-id=\"80304b3\" data-element_type=\"container\" data-e-type=\"container\">\n\t\t\t\t<div class=\"elementor-element elementor-element-5fbe26c elementor-widget elementor-widget-text-editor\" data-id=\"5fbe26c\" data-element_type=\"widget\" data-e-type=\"widget\" data-widget_type=\"text-editor.default\">\n\t\t\t\t\t\t\t\t\t<h6 style=\"text-align: center;\"><strong><span style=\"color: #000000;\"><span style=\"color: #000000;\">Materias:<\/span><\/span><\/strong><br \/><strong><span style=\"color: #000000;\"><span style=\"color: #000000;\">Panorama del Antiguo Testamento<\/span><\/span><\/strong><br \/><strong><span style=\"color: #000000;\">Pentateudo<\/span><\/strong><br \/><strong><span style=\"color: #000000;\">Libros Prof\u00e9ticos<\/span><\/strong><br \/><strong><span style=\"color: #000000;\">Profetas Menores<\/span><\/strong><br \/><strong><span style=\"color: #000000;\">Profetas Mayores<\/span><\/strong><br \/><strong><span style=\"color: #000000;\">Panorama del Nuevo Testamento<\/span><\/strong><br \/><strong><span style=\"color: #000000;\">Ep\u00edstolas Pastorales<\/span><\/strong><br \/><strong><span style=\"color: #000000;\">Ep\u00edstolas Carcelarias<\/span><\/strong><br \/><br \/><strong><span style=\"color: #0000ff; font-size: 16px;\">Consulte por interno el precio.<\/span><\/strong><\/h6>\t\t\t\t\t\t\t\t<\/div>\n\t\t\t\t<\/div>\n\t\t\t\t\t<\/div>\n\t\t\t\t<\/div>\n\t\t<div class=\"elementor-element elementor-element-76643b9 e-flex e-con-boxed e-con e-parent\" data-id=\"76643b9\" data-element_type=\"container\" data-e-type=\"container\">\n\t\t\t\t\t<div class=\"e-con-inner\">\n\t\t\t\t<div class=\"elementor-element elementor-element-245805b elementor-widget elementor-widget-heading\" data-id=\"245805b\" data-element_type=\"widget\" data-e-type=\"widget\" data-widget_type=\"heading.default\">\n\t\t\t\t\t<h4 class=\"elementor-heading-title elementor-size-default\">CURSOS CORTOS<\/h4>\t\t\t\t<\/div>\n\t\t\t\t\t<\/div>\n\t\t\t\t<\/div>\n\t\t<div class=\"elementor-element elementor-element-1440b8e e-flex e-con-boxed e-con e-parent\" data-id=\"1440b8e\" data-element_type=\"container\" data-e-type=\"container\">\n\t\t\t\t\t<div class=\"e-con-inner\">\n\t\t<div class=\"elementor-element elementor-element-3b51ae9 e-con-full e-flex e-con e-child\" data-id=\"3b51ae9\" data-element_type=\"container\" data-e-type=\"container\">\n\t\t\t\t<div class=\"elementor-element elementor-element-534e985 elementor-widget elementor-widget-image\" data-id=\"534e985\" data-element_type=\"widget\" data-e-type=\"widget\" data-widget_type=\"image.default\">\n\t\t\t\t\t\t\t\t\t\t\t\t\t\t\t<img loading=\"lazy\" decoding=\"async\" width=\"1000\" height=\"514\" src=\"https:\/\/iglesiareformadauy.net\/ebiiruy\/wp-content\/uploads\/2026\/02\/Evangelismo-01-05.jpg\" class=\"attachment-large size-large wp-image-151\" alt=\"\" srcset=\"https:\/\/iglesiareformadauy.net\/ebiiruy\/wp-content\/uploads\/2026\/02\/Evangelismo-01-05.jpg 1000w, https:\/\/iglesiareformadauy.net\/ebiiruy\/wp-content\/uploads\/2026\/02\/Evangelismo-01-05-300x154.jpg 300w, https:\/\/iglesiareformadauy.net\/ebiiruy\/wp-content\/uploads\/2026\/02\/Evangelismo-01-05-768x395.jpg 768w\" sizes=\"(max-width: 1000px) 100vw, 1000px\" \/>\t\t\t\t\t\t\t\t\t\t\t\t\t\t\t<\/div>\n\t\t\t\t<\/div>\n\t\t<div class=\"elementor-element elementor-element-c40915b e-con-full e-flex e-con e-child\" data-id=\"c40915b\" data-element_type=\"container\" data-e-type=\"container\">\n\t\t\t\t<div class=\"elementor-element elementor-element-63e5369 elementor-widget elementor-widget-text-editor\" data-id=\"63e5369\" data-element_type=\"widget\" data-e-type=\"widget\" data-widget_type=\"text-editor.default\">\n\t\t\t\t\t\t\t\t\t<h5 style=\"text-align: left;\"><strong><span style=\"color: #000000;\">. Evangelismo en la Iglesia Primitiva.<\/span><\/strong><br \/><strong><span style=\"color: #000000;\">. Evangelismo en la Iglesia Local.<\/span><\/strong><br \/><strong><span style=\"color: #000000;\">. Circ\u00falo Cncentrico.<\/span><\/strong><br \/><strong><span style=\"color: #000000;\">Metodos<\/span><\/strong><br \/><strong><span style=\"color: #000000;\">. Estrat\u00e9gias.<\/span><\/strong><br \/><strong><span style=\"color: #000000;\">. Di\u00e1logo Evangelico: Para alcanzar m\u00e1s joven\u00e9s para Cristo.<\/span><\/strong><br \/><br \/><strong><span style=\"color: #0000ff;\">Consulte por interno el precio y\u00a0 meses.<\/span><\/strong><\/h5>\t\t\t\t\t\t\t\t<\/div>\n\t\t\t\t<\/div>\n\t\t\t\t\t<\/div>\n\t\t\t\t<\/div>\n\t\t<div class=\"elementor-element elementor-element-89032a1 e-flex e-con-boxed e-con e-parent\" data-id=\"89032a1\" data-element_type=\"container\" data-e-type=\"container\">\n\t\t\t\t\t<div class=\"e-con-inner\">\n\t\t<div class=\"elementor-element elementor-element-2d6fe9b e-con-full e-flex e-con e-child\" data-id=\"2d6fe9b\" data-element_type=\"container\" data-e-type=\"container\">\n\t\t\t\t<div class=\"elementor-element elementor-element-2714a0f elementor-widget elementor-widget-image\" data-id=\"2714a0f\" data-element_type=\"widget\" data-e-type=\"widget\" data-widget_type=\"image.default\">\n\t\t\t\t\t\t\t\t\t\t\t\t\t\t\t<img loading=\"lazy\" decoding=\"async\" width=\"1000\" height=\"514\" src=\"https:\/\/iglesiareformadauy.net\/ebiiruy\/wp-content\/uploads\/2026\/02\/Mayordomia-01-02.jpg\" class=\"attachment-large size-large wp-image-152\" alt=\"\" srcset=\"https:\/\/iglesiareformadauy.net\/ebiiruy\/wp-content\/uploads\/2026\/02\/Mayordomia-01-02.jpg 1000w, https:\/\/iglesiareformadauy.net\/ebiiruy\/wp-content\/uploads\/2026\/02\/Mayordomia-01-02-300x154.jpg 300w, https:\/\/iglesiareformadauy.net\/ebiiruy\/wp-content\/uploads\/2026\/02\/Mayordomia-01-02-768x395.jpg 768w\" sizes=\"(max-width: 1000px) 100vw, 1000px\" \/>\t\t\t\t\t\t\t\t\t\t\t\t\t\t\t<\/div>\n\t\t\t\t<\/div>\n\t\t<div class=\"elementor-element elementor-element-19cefc3 e-con-full e-flex e-con e-child\" data-id=\"19cefc3\" data-element_type=\"container\" data-e-type=\"container\">\n\t\t\t\t<div class=\"elementor-element elementor-element-3b72478 elementor-widget elementor-widget-text-editor\" data-id=\"3b72478\" data-element_type=\"widget\" data-e-type=\"widget\" data-widget_type=\"text-editor.default\">\n\t\t\t\t\t\t\t\t\t<h5 style=\"text-align: left;\"><strong><span style=\"color: #000000;\">1. Modulo:\u00a0<\/span><\/strong><br \/><strong><span style=\"color: #000000;\">. EvangelismEl cryente responsableo.<\/span><\/strong><br \/><strong><span style=\"color: #000000;\">a. \u00bfQu\u00e9 dice la Biblia?.<\/span><\/strong><br \/><strong><span style=\"color: #000000;\">b. La Mayordonia y nosotros.<\/span><\/strong><\/h5><h5 style=\"text-align: left;\"><strong><span style=\"color: #000000;\">2. Modulo: Teolog\u00eda de la Mayordom\u00eda.<\/span><\/strong><br \/><strong><span style=\"color: #000000;\">a. Mayordom\u00eda de los objetos.<\/span><\/strong><br \/><strong><span style=\"color: #000000;\">b. Bases teol\u00f3gicas.<\/span><\/strong><br \/><strong><span style=\"color: #000000;\">c. Mayordom\u00eda de los bienes materiasles.<\/span><\/strong><br \/><strong><span style=\"color: #000000;\">d. Mayordom\u00eda de la contribici\u00f3n.<\/span><\/strong><br \/><strong><span style=\"color: #000000;\">e. Mayordom\u00eda de las fuentes de vida.<\/span><\/strong><\/h5><p><strong><span style=\"color: #0000ff;\">Consulte por interno el precio y\u00a0 meses.<\/span><\/strong><\/p>\t\t\t\t\t\t\t\t<\/div>\n\t\t\t\t<\/div>\n\t\t\t\t\t<\/div>\n\t\t\t\t<\/div>\n\t\t\t\t<\/div>\n\t\t","protected":false},"excerpt":{"rendered":"<p>CURSOS MINISTERIALES Bibliolog\u00edaDoctrinaHermeneuticaHomil\u00e9ticaDones espiritualesSectas y religionesHistoria de la IglesiaPedagog\u00edaSintesis B\u00edblica Consulte por interno el precio. Historia del Cristianismo IHistoria del Cristianismo IIHistoria de la ReformaHistoria de los Fundamentos Consulte por interno el precio. Teolog\u00edaBibliolog\u00edaDoctrinasAntiguo y Nuevo TestamentoHermen\u00e9uticaHomil\u00e9ticaLibros Prof\u00e9ticosCartas Paulinas Consulte por interno el precio. Antropolog\u00eda B\u00edblicaTeolog\u00eda Sistem\u00e1ticaHermen\u00e9uticaDin\u00e1mica de cambios B\u00edblicosConsejer\u00eda MatrimonialConsejer\u00eda FamiliarConsejer\u00eda al adolescenteReconciliaci\u00f3n Consulte [&hellip;]<\/p>\n","protected":false},"author":1,"featured_media":0,"parent":0,"menu_order":0,"comment_status":"closed","ping_status":"closed","template":"","meta":{"footnotes":""},"class_list":["post-200","page","type-page","status-publish","hentry"],"_links":{"self":[{"href":"https:\/\/iglesiareformadauy.net\/ebiiruy\/wp-json\/wp\/v2\/pages\/200","targetHints":{"allow":["GET"]}}],"collection":[{"href":"https:\/\/iglesiareformadauy.net\/ebiiruy\/wp-json\/wp\/v2\/pages"}],"about":[{"href":"https:\/\/iglesiareformadauy.net\/ebiiruy\/wp-json\/wp\/v2\/types\/page"}],"author":[{"embeddable":true,"href":"https:\/\/iglesiareformadauy.net\/ebiiruy\/wp-json\/wp\/v2\/users\/1"}],"replies":[{"embeddable":true,"href":"https:\/\/iglesiareformadauy.net\/ebiiruy\/wp-json\/wp\/v2\/comments?post=200"}],"version-history":[{"count":16,"href":"https:\/\/iglesiareformadauy.net\/ebiiruy\/wp-json\/wp\/v2\/pages\/200\/revisions"}],"predecessor-version":[{"id":266,"href":"https:\/\/iglesiareformadauy.net\/ebiiruy\/wp-json\/wp\/v2\/pages\/200\/revisions\/266"}],"wp:attachment":[{"href":"https:\/\/iglesiareformadauy.net\/ebiiruy\/wp-json\/wp\/v2\/media?parent=200"}],"curies":[{"name":"wp","href":"https:\/\/api.w.org\/{rel}","templated":true}]}}